{"id":22,"date":"2020-11-12T18:36:10","date_gmt":"2020-11-12T17:36:10","guid":{"rendered":"https:\/\/www.geoclass.pl\/?page_id=22"},"modified":"2025-02-26T13:05:05","modified_gmt":"2025-02-26T12:05:05","slug":"oferta","status":"publish","type":"page","link":"https:\/\/www.geoclass.pl\/de\/oferta\/","title":{"rendered":"Angebot"},"content":{"rendered":"<div class=\"wpb-content-wrapper\"><div class=\"vc_row wpb_row vc_row-fluid\"><div class=\"wpb_column vc_column_container vc_col-sm-12\"><div class=\"vc_column-inner\"><div class=\"wpb_wrapper\">\n\t<div class=\"wpb_text_column wpb_content_element\" >\n\t\t<div class=\"wpb_wrapper\">\n\t\t\t<section class=\"pageTop text-center pt-50 pb-50\">\n<h3>ANGEBOT<\/h3>\n<\/section>\n\n\t\t<\/div>\n\t<\/div>\n<\/div><\/div><\/div><\/div><div class=\"vc_row wpb_row vc_row-fluid vc_custom_1729255273821\"><div class=\"wpb_column vc_column_container vc_col-sm-12\"><div class=\"vc_column-inner\"><div class=\"wpb_wrapper\">\n<div class=\"vc_grid-container-wrapper vc_clearfix vc_grid-animation-fadeIn\">\n\t<div class=\"vc_grid-container vc_clearfix wpb_content_element vc_basic_grid\" data-initial-loading-animation=\"fadeIn\" data-vc-grid-settings=\"{&quot;page_id&quot;:22,&quot;style&quot;:&quot;all&quot;,&quot;action&quot;:&quot;vc_get_vc_grid_data&quot;,&quot;shortcode_id&quot;:&quot;1729257084274-12476bba-4365-4&quot;,&quot;tag&quot;:&quot;vc_basic_grid&quot;}\" data-vc-request=\"https:\/\/www.geoclass.pl\/wp-admin\/admin-ajax.php\" data-vc-post-id=\"22\" data-vc-public-nonce=\"ec84d86d7d\">\n\t\t<style data-type=\"vc_shortcodes-custom-css\">.vc_custom_1729253914543{border-top-width: 1px !important;border-right-width: 1px !important;border-bottom-width: 1px !important;border-left-width: 1px !important;background-color: #FFFFFF !important;border-left-style: solid !important;border-right-style: solid !important;border-top-style: solid !important;border-bottom-style: solid !important;border-radius: 1px !important;border-color: #FFB20C !important;}<\/style><div class=\"vc_grid vc_row vc_grid-gutter-30px vc_pageable-wrapper vc_hook_hover\" data-vc-pageable-content=\"true\"><div class=\"vc_pageable-slide-wrapper vc_clearfix\" data-vc-grid-content=\"true\"><div class=\"vc_grid-item vc_clearfix vc_col-sm-4 vc_grid-item-zone-c-bottom\"><div class=\"vc_grid-item-mini vc_clearfix\"><div class=\"vc_gitem-animated-block\" ><\/div><div class=\"vc_gitem-zone vc_gitem-zone-c vc_custom_1729253914543\"><div class=\"vc_gitem-zone-mini\"><div class=\"vc_gitem_row vc_row vc_gitem-row-position-top\"><div class=\"vc_col-sm-12 vc_gitem-col vc_gitem-col-align-\">\n\t<div class=\"wpb_single_image wpb_content_element vc_align_center\">\n\t\t<figure class=\"wpb_wrapper vc_figure\">\n\t\t\t<a href=\"https:\/\/www.geoclass.pl\/de\/test\/\" class=\"vc_gitem-link vc_single_image-wrapper vc_box_border_grey\" title=\"Klassische Vermessung\"><img decoding=\"async\" class=\"vc_single_image-img\" src=\"https:\/\/www.geoclass.pl\/wp-content\/uploads\/2024\/10\/geodezja-klasyczna.jpg\" width=\"336\" height=\"294\" alt=\"geodezja klasyczna\" title=\"geodezja klasyczna\" loading=\"lazy\" \/><\/a>\n\t\t<\/figure>\n\t<\/div>\n<div class=\"vc_custom_heading vc_gitem-post-data vc_gitem-post-data-source-post_title\" ><h4 style=\"text-align: center\" ><a href=\"https:\/\/www.geoclass.pl\/de\/test\/\" class=\"vc_gitem-link\" title=\"Klassische Vermessung\">Klassische Vermessung<\/a><\/h4><\/div><div class=\"vc_custom_heading vc_gitem-post-data vc_gitem-post-data-source-post_excerpt\" ><p style=\"text-align: justify\" ><a href=\"https:\/\/www.geoclass.pl\/de\/test\/\" class=\"vc_gitem-link\" title=\"Klassische Vermessung\">Geodezja klasyczna to dziedzina, kt\u00f3ra \u0142\u0105czy w sobie tradycyjne techniki pomiarowe z nowoczesnymi wymaganiami wsp\u00f3\u0142czesnych projekt\u00f3w budowlanych i infrastrukturalnych. Od wielu lat realizujemy dla swoich klient\u00f3w us\u0142ugi z zakresu geodezji i kartografii. Oferujemy pe\u0142en zakres us\u0142ug geodezyjnych. Dysponujemy do\u015bwiadczon\u0105 kadr\u0105 in\u017cynier\u00f3w wyposa\u017conych w najnowszy sprz\u0119t pomiarowy.<\/a><\/p><\/div><div class=\"vc_btn3-container vc_btn3-center\"><a class=\"vc_general vc_btn3 vc_btn3-size-md vc_btn3-shape-rounded vc_btn3-style-outline vc_btn3-color-black\" a href=\"https:\/\/www.geoclass.pl\/de\/test\/\" title=\"Zobacz wi\u0119cej\">Zobacz wi\u0119cej<\/a><\/div><\/div><\/div><\/div><\/div><\/div><div class=\"vc_clearfix\"><\/div><\/div><div class=\"vc_grid-item vc_clearfix vc_col-sm-4 vc_grid-item-zone-c-bottom\"><div class=\"vc_grid-item-mini vc_clearfix\"><div class=\"vc_gitem-animated-block\" ><\/div><div class=\"vc_gitem-zone vc_gitem-zone-c vc_custom_1729253914543\"><div class=\"vc_gitem-zone-mini\"><div class=\"vc_gitem_row vc_row vc_gitem-row-position-top\"><div class=\"vc_col-sm-12 vc_gitem-col vc_gitem-col-align-\">\n\t<div class=\"wpb_single_image wpb_content_element vc_align_center\">\n\t\t<figure class=\"wpb_wrapper vc_figure\">\n\t\t\t<a href=\"https:\/\/www.geoclass.pl\/de\/fotogrametria\/\" class=\"vc_gitem-link vc_single_image-wrapper vc_box_border_grey\" title=\"Fotogrametria\"><img decoding=\"async\" class=\"vc_single_image-img\" src=\"https:\/\/www.geoclass.pl\/wp-content\/uploads\/2024\/10\/Fotogrametria.jpg\" width=\"336\" height=\"294\" alt=\"Fotogrametria\" title=\"Fotogrametria\" loading=\"lazy\" \/><\/a>\n\t\t<\/figure>\n\t<\/div>\n<div class=\"vc_custom_heading vc_gitem-post-data vc_gitem-post-data-source-post_title\" ><h4 style=\"text-align: center\" ><a href=\"https:\/\/www.geoclass.pl\/de\/fotogrametria\/\" class=\"vc_gitem-link\" title=\"Fotogrametria\">Fotogrametria<\/a><\/h4><\/div><div class=\"vc_custom_heading vc_gitem-post-data vc_gitem-post-data-source-post_excerpt\" ><p style=\"text-align: justify\" ><a href=\"https:\/\/www.geoclass.pl\/de\/fotogrametria\/\" class=\"vc_gitem-link\" title=\"Fotogrametria\">Fotogrametria to idealne rozwi\u0105zanie dla firm budowlanych, architekt\u00f3w, geodet\u00f3w oraz instytucji zajmuj\u0105cych si\u0119 ochron\u0105 \u015brodowiska, kt\u00f3re pragn\u0105 w pe\u0142ni wykorzysta\u0107 potencja\u0142 nowoczesnych technologii w swoich projektach. Oferujemy kompleksow\u0105 obs\u0142ug\u0119 na ka\u017cdym etapie!<\/a><\/p><\/div><div class=\"vc_btn3-container vc_btn3-center\"><a class=\"vc_general vc_btn3 vc_btn3-size-md vc_btn3-shape-rounded vc_btn3-style-outline vc_btn3-color-black\" a href=\"https:\/\/www.geoclass.pl\/de\/fotogrametria\/\" title=\"Zobacz wi\u0119cej\">Zobacz wi\u0119cej<\/a><\/div><\/div><\/div><\/div><\/div><\/div><div class=\"vc_clearfix\"><\/div><\/div><div class=\"vc_grid-item vc_clearfix vc_col-sm-4 vc_grid-item-zone-c-bottom\"><div class=\"vc_grid-item-mini vc_clearfix\"><div class=\"vc_gitem-animated-block\" ><\/div><div class=\"vc_gitem-zone vc_gitem-zone-c vc_custom_1729253914543\"><div class=\"vc_gitem-zone-mini\"><div class=\"vc_gitem_row vc_row vc_gitem-row-position-top\"><div class=\"vc_col-sm-12 vc_gitem-col vc_gitem-col-align-\">\n\t<div class=\"wpb_single_image wpb_content_element vc_align_center\">\n\t\t<figure class=\"wpb_wrapper vc_figure\">\n\t\t\t<a href=\"https:\/\/www.geoclass.pl\/de\/skaning-laserowy-w-tym-lidar\/\" class=\"vc_gitem-link vc_single_image-wrapper vc_box_border_grey\" title=\"Skaning laserowy w tym LiDAR\"><img decoding=\"async\" class=\"vc_single_image-img\" src=\"https:\/\/www.geoclass.pl\/wp-content\/uploads\/2024\/10\/Skaning-laserowy-w-tym-LiDAR.jpg\" width=\"336\" height=\"294\" alt=\"Skaning laserowy w tym LiDAR\" title=\"Skaning laserowy w tym LiDAR\" loading=\"lazy\" \/><\/a>\n\t\t<\/figure>\n\t<\/div>\n<div class=\"vc_custom_heading vc_gitem-post-data vc_gitem-post-data-source-post_title\" ><h4 style=\"text-align: center\" ><a href=\"https:\/\/www.geoclass.pl\/de\/skaning-laserowy-w-tym-lidar\/\" class=\"vc_gitem-link\" title=\"Skaning laserowy w tym LiDAR\">Skaning laserowy w tym LiDAR<\/a><\/h4><\/div><div class=\"vc_custom_heading vc_gitem-post-data vc_gitem-post-data-source-post_excerpt\" ><p style=\"text-align: justify\" ><a href=\"https:\/\/www.geoclass.pl\/de\/skaning-laserowy-w-tym-lidar\/\" class=\"vc_gitem-link\" title=\"Skaning laserowy w tym LiDAR\">Skaning laserowy to innowacyjna technika pomiarowa, kt\u00f3ra za pomoc\u0105 fal \u015bwietlnych umo\u017cliwia uzyskanie milion\u00f3w punkt\u00f3w pomiarowych w kr\u00f3tkim czasie. Dzi\u0119ki zaawansowanym skanerom 3D oraz technologii LiDAR, zyskujemy wyj\u0105tkowo dok\u0142adne dane topograficzne i przestrzenne. Idealne do in\u017cynierii, architektury oraz geodezji, skanowanie laserowe zwi\u0119ksza efektywno\u015b\u0107, precyzj\u0119 i oszcz\u0119dza czas w realizacji projekt\u00f3w. Odkryj now\u0105 jako\u015b\u0107 pomiar\u00f3w i analiz dzi\u0119ki naszym kompleksowym us\u0142ugom!<\/a><\/p><\/div><div class=\"vc_btn3-container vc_btn3-center\"><a class=\"vc_general vc_btn3 vc_btn3-size-md vc_btn3-shape-rounded vc_btn3-style-outline vc_btn3-color-black\" a href=\"https:\/\/www.geoclass.pl\/de\/skaning-laserowy-w-tym-lidar\/\" title=\"Zobacz wi\u0119cej\">Zobacz wi\u0119cej<\/a><\/div><\/div><\/div><\/div><\/div><\/div><div class=\"vc_clearfix\"><\/div><\/div><div class=\"vc_grid-item vc_clearfix vc_col-sm-4 vc_grid-item-zone-c-bottom\"><div class=\"vc_grid-item-mini vc_clearfix\"><div class=\"vc_gitem-animated-block\" ><\/div><div class=\"vc_gitem-zone vc_gitem-zone-c vc_custom_1729253914543\"><div class=\"vc_gitem-zone-mini\"><div class=\"vc_gitem_row vc_row vc_gitem-row-position-top\"><div class=\"vc_col-sm-12 vc_gitem-col vc_gitem-col-align-\">\n\t<div class=\"wpb_single_image wpb_content_element vc_align_center\">\n\t\t<figure class=\"wpb_wrapper vc_figure\">\n\t\t\t<a href=\"https:\/\/www.geoclass.pl\/de\/mapowanie-i-modelowanie-3d\/\" class=\"vc_gitem-link vc_single_image-wrapper vc_box_border_grey\" title=\"Mapowanie i modelowanie 3D\"><img decoding=\"async\" class=\"vc_single_image-img\" src=\"https:\/\/www.geoclass.pl\/wp-content\/uploads\/2024\/10\/Mapowanie-i-modelowanie.jpg\" width=\"336\" height=\"294\" alt=\"Mapowanie i modelowanie\" title=\"Mapowanie i modelowanie\" loading=\"lazy\" \/><\/a>\n\t\t<\/figure>\n\t<\/div>\n<div class=\"vc_custom_heading vc_gitem-post-data vc_gitem-post-data-source-post_title\" ><h4 style=\"text-align: center\" ><a href=\"https:\/\/www.geoclass.pl\/de\/mapowanie-i-modelowanie-3d\/\" class=\"vc_gitem-link\" title=\"Mapowanie i modelowanie 3D\">Mapowanie i modelowanie 3D<\/a><\/h4><\/div><div class=\"vc_custom_heading vc_gitem-post-data vc_gitem-post-data-source-post_excerpt\" ><p style=\"text-align: justify\" ><a href=\"https:\/\/www.geoclass.pl\/de\/mapowanie-i-modelowanie-3d\/\" class=\"vc_gitem-link\" title=\"Mapowanie i modelowanie 3D\">Zaawansowane techniki, kt\u00f3re pozwalaj\u0105 na tworzenie tr\u00f3jwymiarowych reprezentacji obiekt\u00f3w i przestrzeni. Wykorzystuj\u0105c nowoczesne technologie skanowania oraz oprogramowanie graficzne, jeste\u015bmy w stanie przekszta\u0142ci\u0107 rzeczywiste obiekty w szczeg\u00f3\u0142owe modele 3D, kt\u00f3re znajduj\u0105 zastosowanie w wielu dziedzinach, takich jak architektura, urbanistyka, in\u017cynieria, czy rozrywka.<\/a><\/p><\/div><div class=\"vc_btn3-container vc_btn3-center\"><a class=\"vc_general vc_btn3 vc_btn3-size-md vc_btn3-shape-rounded vc_btn3-style-outline vc_btn3-color-black\" a href=\"https:\/\/www.geoclass.pl\/de\/mapowanie-i-modelowanie-3d\/\" title=\"Zobacz wi\u0119cej\">Zobacz wi\u0119cej<\/a><\/div><\/div><\/div><\/div><\/div><\/div><div class=\"vc_clearfix\"><\/div><\/div><div class=\"vc_grid-item vc_clearfix vc_col-sm-4 vc_grid-item-zone-c-bottom\"><div class=\"vc_grid-item-mini vc_clearfix\"><div class=\"vc_gitem-animated-block\" ><\/div><div class=\"vc_gitem-zone vc_gitem-zone-c vc_custom_1729253914543\"><div class=\"vc_gitem-zone-mini\"><div class=\"vc_gitem_row vc_row vc_gitem-row-position-top\"><div class=\"vc_col-sm-12 vc_gitem-col vc_gitem-col-align-\">\n\t<div class=\"wpb_single_image wpb_content_element vc_align_center\">\n\t\t<figure class=\"wpb_wrapper vc_figure\">\n\t\t\t<a href=\"https:\/\/www.geoclass.pl\/de\/inspekcje-techniczne-obiektow-budowlanych\/\" class=\"vc_gitem-link vc_single_image-wrapper vc_box_border_grey\" title=\"Technische Inspektion\"><img decoding=\"async\" class=\"vc_single_image-img\" src=\"https:\/\/www.geoclass.pl\/wp-content\/uploads\/2024\/10\/Inspekcje-tech.jpg\" width=\"336\" height=\"294\" alt=\"Inspekcje tech\" title=\"Inspekcje tech\" loading=\"lazy\" \/><\/a>\n\t\t<\/figure>\n\t<\/div>\n<div class=\"vc_custom_heading vc_gitem-post-data vc_gitem-post-data-source-post_title\" ><h4 style=\"text-align: center\" ><a href=\"https:\/\/www.geoclass.pl\/de\/inspekcje-techniczne-obiektow-budowlanych\/\" class=\"vc_gitem-link\" title=\"Technische Inspektion\">Technische Inspektion<\/a><\/h4><\/div><div class=\"vc_custom_heading vc_gitem-post-data vc_gitem-post-data-source-post_excerpt\" ><p style=\"text-align: justify\" ><a href=\"https:\/\/www.geoclass.pl\/de\/inspekcje-techniczne-obiektow-budowlanych\/\" class=\"vc_gitem-link\" title=\"Technische Inspektion\">Podczas naszej pracy korzystamy tylko z najnowocze\u015bniejszego sprz\u0119tu. To dzi\u0119ki niemu gwarantujemy naszym klientom szybkie oraz precyzyjne dzia\u0142anie, a do ka\u017cdej wsp\u00f3\u0142pracy\u00a0 podchodzimy indywidualnie.<\/a><\/p><\/div><div class=\"vc_btn3-container vc_btn3-center\"><a class=\"vc_general vc_btn3 vc_btn3-size-md vc_btn3-shape-rounded vc_btn3-style-outline vc_btn3-color-black\" a href=\"https:\/\/www.geoclass.pl\/de\/inspekcje-techniczne-obiektow-budowlanych\/\" title=\"Zobacz wi\u0119cej\">Zobacz wi\u0119cej<\/a><\/div><\/div><\/div><\/div><\/div><\/div><div class=\"vc_clearfix\"><\/div><\/div><div class=\"vc_grid-item vc_clearfix vc_col-sm-4 vc_grid-item-zone-c-bottom\"><div class=\"vc_grid-item-mini vc_clearfix\"><div class=\"vc_gitem-animated-block\" ><\/div><div class=\"vc_gitem-zone vc_gitem-zone-c vc_custom_1729253914543\"><div class=\"vc_gitem-zone-mini\"><div class=\"vc_gitem_row vc_row vc_gitem-row-position-top\"><div class=\"vc_col-sm-12 vc_gitem-col vc_gitem-col-align-\">\n\t<div class=\"wpb_single_image wpb_content_element vc_align_center\">\n\t\t<figure class=\"wpb_wrapper vc_figure\">\n\t\t\t<a href=\"https:\/\/www.geoclass.pl\/de\/rozwiazanie-do-zarzadzania-kontraktem\/\" class=\"vc_gitem-link vc_single_image-wrapper vc_box_border_grey\" title=\"Rozwi\u0105zanie do zarz\u0105dzania kontraktem\"><img decoding=\"async\" class=\"vc_single_image-img\" src=\"https:\/\/www.geoclass.pl\/wp-content\/uploads\/2024\/10\/zarzadzanie-kontr.jpg\" width=\"336\" height=\"294\" alt=\"zarz\u0105dzanie kontr\" title=\"zarz\u0105dzanie kontr\" loading=\"lazy\" \/><\/a>\n\t\t<\/figure>\n\t<\/div>\n<div class=\"vc_custom_heading vc_gitem-post-data vc_gitem-post-data-source-post_title\" ><h4 style=\"text-align: center\" ><a href=\"https:\/\/www.geoclass.pl\/de\/rozwiazanie-do-zarzadzania-kontraktem\/\" class=\"vc_gitem-link\" title=\"Rozwi\u0105zanie do zarz\u0105dzania kontraktem\">Rozwi\u0105zanie do zarz\u0105dzania kontraktem<\/a><\/h4><\/div><div class=\"vc_custom_heading vc_gitem-post-data vc_gitem-post-data-source-post_excerpt\" ><p style=\"text-align: justify\" ><a href=\"https:\/\/www.geoclass.pl\/de\/rozwiazanie-do-zarzadzania-kontraktem\/\" class=\"vc_gitem-link\" title=\"Rozwi\u0105zanie do zarz\u0105dzania kontraktem\">Rozwi\u0105zanie, kt\u00f3re prezentujemy to kompleksowe narz\u0119dzie, kt\u00f3re \u0142\u0105czy w sobie nowoczesne technologie, \u0142atwo\u015b\u0107 u\u017cytkowania oraz dost\u0119pno\u015b\u0107, redefiniuj\u0105c standardy zarz\u0105dzania projektami i wspieraj\u0105c wsp\u00f3\u0142prace w z\u0142o\u017conych projektach budowlanych. Do\u0142\u0105cz do nas i do\u015bwiadcz przysz\u0142o\u015bci zarz\u0105dzania projektami w spos\u00f3b, kt\u00f3ry dotychczas wydawa\u0142 si\u0119 niemo\u017cliwy!<\/a><\/p><\/div><div class=\"vc_btn3-container vc_btn3-center\"><a class=\"vc_general vc_btn3 vc_btn3-size-md vc_btn3-shape-rounded vc_btn3-style-outline vc_btn3-color-black\" a href=\"https:\/\/www.geoclass.pl\/de\/rozwiazanie-do-zarzadzania-kontraktem\/\" title=\"Zobacz wi\u0119cej\">Zobacz wi\u0119cej<\/a><\/div><\/div><\/div><\/div><\/div><\/div><div class=\"vc_clearfix\"><\/div><\/div><\/div><\/div>\n\t<\/div>\n<\/div><\/div><\/div><\/div><\/div><\/div>","protected":false},"excerpt":{"rendered":"OFERTA Geodezja klasycznaGeodezja klasyczna to dziedzina, kt\u00f3ra \u0142\u0105czy w sobie tradycyjne techniki pomiarowe z nowoczesnymi wymaganiami wsp\u00f3\u0142czesnych projekt\u00f3w budowlanych i infrastrukturalnych. Od wielu lat realizujemy dla swoich klient\u00f3w us\u0142ugi z zakresu geodezji i kartografii. Oferujemy pe\u0142en zakres us\u0142ug geodezyjnych. Dysponujemy do\u015bwiadczon\u0105 kadr\u0105 in\u017cynier\u00f3w wyposa\u017conych w najnowszy sprz\u0119t pomiarowy.Zobacz wi\u0119cej FotogrametriaFotogrametria to idealne rozwi\u0105zanie dla firm... <a class=\"view-article\" href=\"https:\/\/www.geoclass.pl\/de\/oferta\/\">Artikel ansehen<\/a>","protected":false},"author":1,"featured_media":0,"parent":0,"menu_order":0,"comment_status":"closed","ping_status":"closed","template":"","meta":{"_acf_changed":false,"om_disable_all_campaigns":false,"_monsterinsights_skip_tracking":false,"_monsterinsights_sitenote_active":false,"_monsterinsights_sitenote_note":"","_monsterinsights_sitenote_category":0,"_uf_show_specific_survey":0,"_uf_disable_surveys":false,"footnotes":""},"class_list":["post-22","page","type-page","status-publish","hentry"],"acf":[],"aioseo_notices":[],"_links":{"self":[{"href":"https:\/\/www.geoclass.pl\/de\/wp-json\/wp\/v2\/pages\/22","targetHints":{"allow":["GET"]}}],"collection":[{"href":"https:\/\/www.geoclass.pl\/de\/wp-json\/wp\/v2\/pages"}],"about":[{"href":"https:\/\/www.geoclass.pl\/de\/wp-json\/wp\/v2\/types\/page"}],"author":[{"embeddable":true,"href":"https:\/\/www.geoclass.pl\/de\/wp-json\/wp\/v2\/users\/1"}],"replies":[{"embeddable":true,"href":"https:\/\/www.geoclass.pl\/de\/wp-json\/wp\/v2\/comments?post=22"}],"version-history":[{"count":35,"href":"https:\/\/www.geoclass.pl\/de\/wp-json\/wp\/v2\/pages\/22\/revisions"}],"predecessor-version":[{"id":667,"href":"https:\/\/www.geoclass.pl\/de\/wp-json\/wp\/v2\/pages\/22\/revisions\/667"}],"wp:attachment":[{"href":"https:\/\/www.geoclass.pl\/de\/wp-json\/wp\/v2\/media?parent=22"}],"curies":[{"name":"wp","href":"https:\/\/api.w.org\/{rel}","templated":true}]}}