{"id":26,"date":"2020-11-12T18:38:24","date_gmt":"2020-11-12T17:38:24","guid":{"rendered":"https:\/\/www.geoclass.pl\/?page_id=26"},"modified":"2026-03-13T12:25:36","modified_gmt":"2026-03-13T11:25:36","slug":"kontakt","status":"publish","type":"page","link":"https:\/\/www.geoclass.pl\/de\/kontakt\/","title":{"rendered":"Kontakt"},"content":{"rendered":"<section class=\"pageTop text-center pt-50 pb-50\">\r\n<h3>KONTAKT<\/h3>\r\n<\/section><section id=\"page-content\" class=\"kontakt-line container page-line-left\">\r\n<div class=\"row pt-100 pb-100\">\r\n<div class=\"col-md-3\">\r\n<div class=\"spacer-18\"><\/div>\r\n<h5 class=\"kontakttytul\">Klient indywidualny<\/h5>\r\n<a class=\"text-link\" href=\"mailto:biuro@geoclass.pl\">biuro@geoclass.pl<\/a>\r\n<div class=\"spacer-20\"><\/div>\r\n<h5 class=\"kontakttytul\">Klient biznesowy<\/h5>\r\n<p class=\"kontakt-info\"><a class=\"text-link\" href=\"mailto:biznes@geoclass.pl\">biznes@geoclass.pl<\/a><\/p>\r\n&nbsp;\r\n<div class=\"spacer-18\"><\/div>\r\n<strong>Siedziba g\u0142\u00f3wna:<\/strong>\r\n<div class=\"spacer-18\"><\/div>\r\nul. Bohater\u00f3w Warszawy 4a\r\n<div class=\"spacer-18\"><\/div>\r\n75-211 Koszalin\r\n<div class=\"spacer-18\"><\/div>\r\n<span style=\"color: #000000;\">PL <a class=\"text-link\" style=\"color: #000000;\" href=\"tel:+48606848464\">+48 600567727<\/a><\/span>\r\n<div class=\"spacer-18\"><\/div>\r\n&nbsp;\r\n<div class=\"spacer-18\"><\/div>\r\n&nbsp;\r\n<div class=\"spacer-18\"><\/div>\r\n<h5>GEOCLASS SP. Z O.O.<\/h5>\r\nNIP: 671 185 07 01\r\n<div class=\"spacer-18\"><\/div>\r\nREGON: 522003550\r\n<div class=\"spacer-18\"><\/div>\r\nKRS: 0000971330\r\n<div class=\"spacer-18\"><\/div>\r\nnr konta: PKO B.P. S.A.\r\n<div class=\"spacer-18\"><\/div>\r\n<span style=\"font-size: 15px;\">\r\n93 1020 2821 0000 1602 0177 5972<\/span>\r\n\r\n&nbsp;\r\n\r\n<\/div>\r\n<div class=\"col-md-7 offset-md-2\">\r\n<h3 class=\"text-left-title\">Kontakt Formular<\/h3>\r\n<div class=\"spacer-25\"><\/div>\r\n\n<div class=\"wpcf7 no-js\" id=\"wpcf7-f28-o1\" lang=\"pl-PL\" dir=\"ltr\" data-wpcf7-id=\"28\">\n<div class=\"screen-reader-response\"><p role=\"status\" aria-live=\"polite\" aria-atomic=\"true\"><\/p> <ul><\/ul><\/div>\n<form action=\"\/de\/wp-json\/wp\/v2\/pages\/26#wpcf7-f28-o1\" method=\"post\" class=\"wpcf7-form init\" aria-label=\"Kontakt Formular\" novalidate=\"novalidate\" data-status=\"init\" data-trp-original-action=\"\/de\/wp-json\/wp\/v2\/pages\/26#wpcf7-f28-o1\">\n<fieldset class=\"hidden-fields-container\"><input type=\"hidden\" name=\"_wpcf7\" value=\"28\" \/><input type=\"hidden\" name=\"_wpcf7_version\" value=\"6.1.5\" \/><input type=\"hidden\" name=\"_wpcf7_locale\" value=\"pl_PL\" \/><input type=\"hidden\" name=\"_wpcf7_unit_tag\" value=\"wpcf7-f28-o1\" \/><input type=\"hidden\" name=\"_wpcf7_container_post\" value=\"0\" \/><input type=\"hidden\" name=\"_wpcf7_posted_data_hash\" value=\"\" \/>\n<\/fieldset>\n<div class=\"kontakt-form\">\n\t<div class=\"form-row\">\n\t\t<div class=\"form-group col-md-6\">\n\t\t\t<p><span class=\"wpcf7-form-control-wrap\" data-name=\"imie\"><input size=\"40\" maxlength=\"400\" class=\"wpcf7-form-control wpcf7-text wpcf7-validates-as-required\" aria-required=\"true\" aria-invalid=\"false\" placeholder=\"Vorname und Nachname\" value=\"\" type=\"text\" name=\"imie\" \/><\/span>\n\t\t\t<\/p>\n\t\t<\/div>\n\t\t<div class=\"form-group col-md-6\">\n\t\t\t<p><span class=\"wpcf7-form-control-wrap\" data-name=\"nazwafirmy\"><input size=\"40\" maxlength=\"400\" class=\"wpcf7-form-control wpcf7-text wpcf7-validates-as-required\" aria-required=\"true\" aria-invalid=\"false\" placeholder=\"Name der Firma\" value=\"\" type=\"text\" name=\"nazwafirmy\" \/><\/span>\n\t\t\t<\/p>\n\t\t<\/div>\n\t\t<div class=\"form-group col-md-6\">\n\t\t\t<p><span class=\"wpcf7-form-control-wrap\" data-name=\"phone\"><input size=\"40\" maxlength=\"400\" class=\"wpcf7-form-control wpcf7-tel wpcf7-validates-as-required wpcf7-text wpcf7-validates-as-tel\" aria-required=\"true\" aria-invalid=\"false\" placeholder=\"Telefonnummer\" value=\"\" type=\"tel\" name=\"phone\" \/><\/span>\n\t\t\t<\/p>\n\t\t<\/div>\n\t\t<div class=\"form-group col-md-6\">\n\t\t\t<p><span class=\"wpcf7-form-control-wrap\" data-name=\"email\"><input size=\"40\" maxlength=\"400\" class=\"wpcf7-form-control wpcf7-email wpcf7-validates-as-required wpcf7-text wpcf7-validates-as-email\" aria-required=\"true\" aria-invalid=\"false\" placeholder=\"E-Mail-Adresse\" value=\"\" type=\"email\" name=\"email\" \/><\/span>\n\t\t\t<\/p>\n\t\t<\/div>\n\t\t<div class=\"form-group col-md-12\">\n\t\t\t<div class=\"form-group\">\n\t\t\t\t<p><span class=\"wpcf7-form-control-wrap\" data-name=\"your-message\"><textarea cols=\"40\" rows=\"10\" maxlength=\"2000\" class=\"wpcf7-form-control wpcf7-textarea\" aria-invalid=\"false\" placeholder=\"Ihre Nachricht\" name=\"your-message\"><\/textarea><\/span>\n\t\t\t\t<\/p>\n\t\t\t<\/div>\n\t\t\t<div class=\"form-group\">\n\t\t\t\t<div class=\"form-check\">\n\t\t\t\t\t<p><span class=\"wpcf7-form-control-wrap\" data-name=\"polityka\"><span class=\"wpcf7-form-control wpcf7-acceptance\"><span class=\"wpcf7-list-item\"><input type=\"checkbox\" name=\"polityka\" value=\"1\" aria-invalid=\"false\" \/><\/span><\/span><\/span><label class=\"form-check-label kontakt-check-text\">Wyra\u017cam zgod\u0119 na przetwarzanie moich danych osobowych przez firm\u0119 GeoClass na potrzeby obs\u0142ugi przes\u0142anego zapytania zgodnie z rozporz\u0105dzeniem Parlamentu Europejskiego i Rady (UE) 2016\/679 z dnia 27 kwietnia 2016 r. \u2013 zwanym inaczej og\u00f3lnym rozporz\u0105dzeniem o ochronie danych (RODO).<br \/>\nDie Erteilung einer Einwilligung ist freiwillig, aber notwendig, um diese Anfrage zu bearbeiten.<\/label>\n\t\t\t\t\t<\/p>\n\t\t\t\t<\/div>\n\t\t\t<\/div>\n\t\t\t<div class=\"form-group\">\n\t\t\t\t<p><input class=\"wpcf7-form-control wpcf7-submit has-spinner\" type=\"submit\" value=\"Versenden\" \/>\n\t\t\t\t<\/p>\n\t\t\t<\/div>\n\t\t<\/div>\n\t<\/div>\n<\/div><div class=\"wpcf7-response-output\" aria-hidden=\"true\"><\/div>\n<input type=\"hidden\" name=\"trp-form-language\" value=\"de\"\/><\/form>\n<\/div>\n\r\n\r\n<\/div>\r\n<\/div>\r\n<\/section>","protected":false},"excerpt":{"rendered":"KONTAKT Klient indywidualny biuro@geoclass.pl Klient biznesowy biznes@geoclass.pl &nbsp; Siedziba g\u0142\u00f3wna: ul. Bohater\u00f3w Warszawy 4a 75-211 Koszalin PL +48 600567727 &nbsp; &nbsp; GEOCLASS SP. Z O.O. NIP: 671 185 07 01 REGON: 522003550 KRS: 0000971330 nr konta: PKO B.P. S.A. 93 1020 2821 0000 1602 0177 5972 &nbsp; Formularz kontaktowy","protected":false},"author":1,"featured_media":0,"parent":0,"menu_order":0,"comment_status":"closed","ping_status":"closed","template":"","meta":{"_acf_changed":false,"om_disable_all_campaigns":false,"_monsterinsights_skip_tracking":false,"_monsterinsights_sitenote_active":false,"_monsterinsights_sitenote_note":"","_monsterinsights_sitenote_category":0,"_uf_show_specific_survey":0,"_uf_disable_surveys":false,"footnotes":""},"class_list":["post-26","page","type-page","status-publish","hentry"],"acf":[],"aioseo_notices":[],"_links":{"self":[{"href":"https:\/\/www.geoclass.pl\/de\/wp-json\/wp\/v2\/pages\/26","targetHints":{"allow":["GET"]}}],"collection":[{"href":"https:\/\/www.geoclass.pl\/de\/wp-json\/wp\/v2\/pages"}],"about":[{"href":"https:\/\/www.geoclass.pl\/de\/wp-json\/wp\/v2\/types\/page"}],"author":[{"embeddable":true,"href":"https:\/\/www.geoclass.pl\/de\/wp-json\/wp\/v2\/users\/1"}],"replies":[{"embeddable":true,"href":"https:\/\/www.geoclass.pl\/de\/wp-json\/wp\/v2\/comments?post=26"}],"version-history":[{"count":109,"href":"https:\/\/www.geoclass.pl\/de\/wp-json\/wp\/v2\/pages\/26\/revisions"}],"predecessor-version":[{"id":1156,"href":"https:\/\/www.geoclass.pl\/de\/wp-json\/wp\/v2\/pages\/26\/revisions\/1156"}],"wp:attachment":[{"href":"https:\/\/www.geoclass.pl\/de\/wp-json\/wp\/v2\/media?parent=26"}],"curies":[{"name":"wp","href":"https:\/\/api.w.org\/{rel}","templated":true}]}}